{"id":90,"date":"2018-11-02T03:25:31","date_gmt":"2018-11-02T03:25:31","guid":{"rendered":"https:\/\/auroraimmigration.com\/?page_id=90"},"modified":"2019-10-03T04:29:11","modified_gmt":"2019-10-03T04:29:11","slug":"imigracao","status":"publish","type":"page","link":"https:\/\/auroraimmigration.com\/en\/imigracao\/","title":{"rendered":"Immigration"},"content":{"rendered":"\t\t<div data-elementor-type=\"wp-post\" data-elementor-id=\"90\" class=\"elementor elementor-90\">\n\t\t\t\t\t\t<section class=\"elementor-section elementor-top-section elementor-element elementor-element-b814fed elementor-section-boxed elementor-section-height-default elementor-section-height-default\" data-id=\"b814fed\" data-element_type=\"section\" data-e-type=\"section\">\n\t\t\t\t\t\t<div class=\"elementor-container elementor-column-gap-default\">\n\t\t\t\t\t<div class=\"elementor-column elementor-col-100 elementor-top-column elementor-element elementor-element-6c0c1fa\" data-id=\"6c0c1fa\" data-element_type=\"column\" data-e-type=\"column\">\n\t\t\t<div class=\"elementor-widget-wrap elementor-element-populated\">\n\t\t\t\t\t\t<div class=\"elementor-element elementor-element-6e536f7 elementor-widget elementor-widget-heading\" data-id=\"6e536f7\" data-element_type=\"widget\" data-e-type=\"widget\" data-widget_type=\"heading.default\">\n\t\t\t\t<div class=\"elementor-widget-container\">\n\t\t\t\t\t<h2 class=\"elementor-heading-title elementor-size-default\">Resid\u00eancia Permanente<\/h2>\t\t\t\t<\/div>\n\t\t\t\t<\/div>\n\t\t\t\t<div class=\"elementor-element elementor-element-10f1d96 elementor-widget elementor-widget-text-editor\" data-id=\"10f1d96\" data-element_type=\"widget\" data-e-type=\"widget\" data-widget_type=\"text-editor.default\">\n\t\t\t\t<div class=\"elementor-widget-container\">\n\t\t\t\t\t\t\t\t\t<p>H\u00e1 muitas maneiras de se imigrar para o Canad\u00e1. O caminho a ser seguido vai depender do perfil de cada candidato, que dever\u00e1 se enquadrar dentro da lista de requerimentos dos programas do governo canadense. Os fatores mais importantes para este processo s\u00e3o: idade, habilidade no Ingl\u00eas e Franc\u00eas, educa\u00e7\u00e3o e experi\u00eancia professional dentro e fora do Canad\u00e1.<\/p><p>O processo mais comum \u00e9 chamado de Express Entry. Nele voc\u00ea dever\u00e1 cumprir com os requerimentos federais para ser inclu\u00eddo na lista de sele\u00e7\u00e3o. Voc\u00ea ir\u00e1 receber uma pontua\u00e7\u00e3o de acordo com seu perfil e dever\u00e1 aguardar at\u00e9 que a sua pontua\u00e7\u00e3o entre no ranking do sorteio (n\u00f3s podemos te ajudar a melhorar a sua pontua\u00e7\u00e3o!). Este programa inclui, dentre outros, os programas \u201cFederal Skilled Worker\u201d, \u201cFederal Skilled Trades\u201d e \u201cCanadian Experience Class\u201d. H\u00e1 tamb\u00e9m os processos provinciais, na qual voc\u00ea poder\u00e1 usar a soma dos dois programas para fazer a sua aplica\u00e7\u00e3o.<\/p>\t\t\t\t\t\t\t\t<\/div>\n\t\t\t\t<\/div>\n\t\t\t\t\t<\/div>\n\t\t<\/div>\n\t\t\t\t\t<\/div>\n\t\t<\/section>\n\t\t\t\t<section class=\"elementor-section elementor-top-section elementor-element elementor-element-afb156e elementor-section-boxed elementor-section-height-default elementor-section-height-default\" data-id=\"afb156e\" data-element_type=\"section\" data-e-type=\"section\">\n\t\t\t\t\t\t<div class=\"elementor-container elementor-column-gap-default\">\n\t\t\t\t\t<div class=\"elementor-column elementor-col-66 elementor-top-column elementor-element elementor-element-f70d31a\" data-id=\"f70d31a\" data-element_type=\"column\" data-e-type=\"column\">\n\t\t\t<div class=\"elementor-widget-wrap elementor-element-populated\">\n\t\t\t\t\t\t<div class=\"elementor-element elementor-element-83610b4 elementor-widget elementor-widget-text-editor\" data-id=\"83610b4\" data-element_type=\"widget\" data-e-type=\"widget\" data-widget_type=\"text-editor.default\">\n\t\t\t\t<div class=\"elementor-widget-container\">\n\t\t\t\t\t\t\t\t\t<ul><li>Caregiver (cuidadores) \u2013 diferentes programas abriram e fecharam nos \u00faltimos anos. Neste momento, o que est\u00e1 aberto \u00e9 o \u201cHome Child Care Provider Pilot or the Home Support Worker Pilot\u201d.<p>Para ambos programas, voc\u00ea ir\u00e1 precisar de uma oferta de trabalho de uma fam\u00edlia Canadense, mas n\u00e3o \u00e9 necess\u00e1rio ter experi\u00eancia pr\u00e9via no Canada. A aplica\u00e7\u00e3o pode ser feita enquanto voc\u00ea est\u00e1 no seu pa\u00eds de origem ou no Canad\u00e1.<\/p><p>A grande vantagem destes programas \u00e9 que voc\u00ea poder\u00e1 aplicar para a Resid\u00eancia Permanente ao mesmo tempo que aplica para o seu visto de trabalho\u00a0<\/p><\/li><\/ul>\t\t\t\t\t\t\t\t<\/div>\n\t\t\t\t<\/div>\n\t\t\t\t\t<\/div>\n\t\t<\/div>\n\t\t\t\t<div class=\"elementor-column elementor-col-33 elementor-top-column elementor-element elementor-element-87280ac\" data-id=\"87280ac\" data-element_type=\"column\" data-e-type=\"column\">\n\t\t\t<div class=\"elementor-widget-wrap elementor-element-populated\">\n\t\t\t\t\t\t<div class=\"elementor-element elementor-element-266dd48 elementor-widget elementor-widget-image\" data-id=\"266dd48\" data-element_type=\"widget\" data-e-type=\"widget\" data-widget_type=\"image.default\">\n\t\t\t\t<div class=\"elementor-widget-container\">\n\t\t\t\t\t\t\t\t\t\t\t\t\t\t\t<img decoding=\"async\" width=\"252\" height=\"142\" src=\"https:\/\/auroraimmigration.com\/wp-content\/uploads\/2018\/11\/caregiver.jpg\" class=\"attachment-large size-large wp-image-341\" alt=\"caregiver\" \/>\t\t\t\t\t\t\t\t\t\t\t\t\t\t\t<\/div>\n\t\t\t\t<\/div>\n\t\t\t\t\t<\/div>\n\t\t<\/div>\n\t\t\t\t\t<\/div>\n\t\t<\/section>\n\t\t\t\t<section class=\"elementor-section elementor-top-section elementor-element elementor-element-5d1391e elementor-section-boxed elementor-section-height-default elementor-section-height-default\" data-id=\"5d1391e\" data-element_type=\"section\" data-e-type=\"section\">\n\t\t\t\t\t\t<div class=\"elementor-container elementor-column-gap-default\">\n\t\t\t\t\t<div class=\"elementor-column elementor-col-100 elementor-top-column elementor-element elementor-element-472ac44\" data-id=\"472ac44\" data-element_type=\"column\" data-e-type=\"column\">\n\t\t\t<div class=\"elementor-widget-wrap elementor-element-populated\">\n\t\t\t\t\t\t<div class=\"elementor-element elementor-element-2962565 elementor-widget elementor-widget-text-editor\" data-id=\"2962565\" data-element_type=\"widget\" data-e-type=\"widget\" data-widget_type=\"text-editor.default\">\n\t\t\t\t<div class=\"elementor-widget-container\">\n\t\t\t\t\t\t\t\t\t<ul><li>IEC (International Experience Canad\u00e1) \u2013 visto de trabalho de um ano, que deve ser feito em conex\u00e3o com as Organiza\u00e7\u00f5es Reconhecidas (ROs), j\u00e1 que o Governo Brasileiro n\u00e3o possui acordo com o Canad\u00e1 para este tipo de programa &#8211; Programa a ser reaberto em 2020.<ul><li>Working Holiday Visa \u2013 sem oferta de trabalho<\/li><li>Young Professionals \u2013 com oferta de trabalho<\/li><li>International Co-op Intership &#8211; para estudantes com oferta de trabalho para est\u00e1gio<\/li><\/ul><\/li><\/ul>\t\t\t\t\t\t\t\t<\/div>\n\t\t\t\t<\/div>\n\t\t\t\t\t<\/div>\n\t\t<\/div>\n\t\t\t\t\t<\/div>\n\t\t<\/section>\n\t\t\t\t<section class=\"elementor-section elementor-top-section elementor-element elementor-element-c8ab387 elementor-section-boxed elementor-section-height-default elementor-section-height-default\" data-id=\"c8ab387\" data-element_type=\"section\" data-e-type=\"section\">\n\t\t\t\t\t\t<div class=\"elementor-container elementor-column-gap-default\">\n\t\t\t\t\t<div class=\"elementor-column elementor-col-33 elementor-top-column elementor-element elementor-element-93dd5ad\" data-id=\"93dd5ad\" data-element_type=\"column\" data-e-type=\"column\">\n\t\t\t<div class=\"elementor-widget-wrap elementor-element-populated\">\n\t\t\t\t\t\t<div class=\"elementor-element elementor-element-c347b2d elementor-widget elementor-widget-image\" data-id=\"c347b2d\" data-element_type=\"widget\" data-e-type=\"widget\" data-widget_type=\"image.default\">\n\t\t\t\t<div class=\"elementor-widget-container\">\n\t\t\t\t\t\t\t\t\t\t\t\t\t\t\t<img fetchpriority=\"high\" decoding=\"async\" width=\"1024\" height=\"683\" src=\"https:\/\/auroraimmigration.com\/wp-content\/uploads\/2018\/11\/aurora_Sponsorship_1-1024x683.jpg\" class=\"attachment-large size-large wp-image-215\" alt=\"\" srcset=\"https:\/\/auroraimmigration.com\/wp-content\/uploads\/2018\/11\/aurora_Sponsorship_1-1024x683.jpg 1024w, https:\/\/auroraimmigration.com\/wp-content\/uploads\/2018\/11\/aurora_Sponsorship_1-300x200.jpg 300w, https:\/\/auroraimmigration.com\/wp-content\/uploads\/2018\/11\/aurora_Sponsorship_1-768x512.jpg 768w, https:\/\/auroraimmigration.com\/wp-content\/uploads\/2018\/11\/aurora_Sponsorship_1-e1550115595936.jpg 1920w\" sizes=\"(max-width: 1024px) 100vw, 1024px\" \/>\t\t\t\t\t\t\t\t\t\t\t\t\t\t\t<\/div>\n\t\t\t\t<\/div>\n\t\t\t\t\t<\/div>\n\t\t<\/div>\n\t\t\t\t<div class=\"elementor-column elementor-col-66 elementor-top-column elementor-element elementor-element-80bc12f\" data-id=\"80bc12f\" data-element_type=\"column\" data-e-type=\"column\">\n\t\t\t<div class=\"elementor-widget-wrap elementor-element-populated\">\n\t\t\t\t\t\t<div class=\"elementor-element elementor-element-b28704d elementor-widget elementor-widget-text-editor\" data-id=\"b28704d\" data-element_type=\"widget\" data-e-type=\"widget\" data-widget_type=\"text-editor.default\">\n\t\t\t\t<div class=\"elementor-widget-container\">\n\t\t\t\t\t\t\t\t\t<ul><li>Sponsorship<ul><li>Casais e filhos: voc\u00ea deve ser Canadense ou Residente Permanente para poder patrocinar a vinda do seu parceiro ou filho para o Canad\u00e1. Seu parceiro poder\u00e1 obter um visto de trabalho enquanto o processo \u00e9 realizado, desde que cumpra com os requerimentos necess\u00e1rios.<\/li><li>Pais e Av\u00f3s: voc\u00ea deve ser Canadense ou Residente Permanente para poder patrocinar a vinda dos seus pais ou av\u00f3s para o Canad\u00e1. O processo \u00e9 feito em duas etapas: a 1\u00aa, \u00e9 necess\u00e1rio conseguir se cadastrar no sistema quando o mesmo \u00e9 aberto. Conseguindo se cadastrar, os documentos s\u00e3o submetidos e o processo analisado. A inscri\u00e7\u00e3o deste ano foi finalizada em Fevereiro, e um novo grupo dever\u00e1 ser aberto em 2020.<\/li><\/ul><\/li><\/ul>\t\t\t\t\t\t\t\t<\/div>\n\t\t\t\t<\/div>\n\t\t\t\t\t<\/div>\n\t\t<\/div>\n\t\t\t\t\t<\/div>\n\t\t<\/section>\n\t\t\t\t<section class=\"elementor-section elementor-top-section elementor-element elementor-element-6c79b0a elementor-section-boxed elementor-section-height-default elementor-section-height-default\" data-id=\"6c79b0a\" data-element_type=\"section\" data-e-type=\"section\">\n\t\t\t\t\t\t<div class=\"elementor-container elementor-column-gap-default\">\n\t\t\t\t\t<div class=\"elementor-column elementor-col-100 elementor-top-column elementor-element elementor-element-cb79062\" data-id=\"cb79062\" data-element_type=\"column\" data-e-type=\"column\">\n\t\t\t<div class=\"elementor-widget-wrap elementor-element-populated\">\n\t\t\t\t\t\t<div class=\"elementor-element elementor-element-98f60c0 elementor-widget elementor-widget-text-editor\" data-id=\"98f60c0\" data-element_type=\"widget\" data-e-type=\"widget\" data-widget_type=\"text-editor.default\">\n\t\t\t\t<div class=\"elementor-widget-container\">\n\t\t\t\t\t\t\t\t\t<ul><li>Investor: O programa federal para investidores est\u00e1 permanentemente fechado. Para aplicar como investidor, voc\u00ea ter\u00e1 que cumprir com os requisites de algum dos processos provinciais.<\/li><li>\u00a0<\/li><li>Quebec: o Quebec \u00e9 a \u00fanica prov\u00edncia que tem seu processo de Imigra\u00e7\u00e3o totalmente separado do resto do pa\u00eds. Voc\u00ea dever\u00e1 preencher uma Express\u00e3o de Interesse e caso suas qualifica\u00e7\u00f5es sejam aquelas que a prov\u00edncia esteja buscando, voc\u00ea receber\u00e1 um convite para aplicar para a Resid\u00eancia Permanente.<\/li><li>\u00a0<\/li><li>Self-employed<ul><li>Experi\u00eancia em atividades culturais e\/ou esportes: pelo menos dois anos de experi\u00eancia em tempo integral em atividades reconhecidas internacionalmente, na \u00e1rea cultural ou atl\u00e9tica. Profiss\u00f5es relacionadas nesta \u00e1rea incluem Produtores de filme, ilustradores, core\u00f3grafos, treinadores e atletas.<\/li><\/ul><\/li><\/ul>\t\t\t\t\t\t\t\t<\/div>\n\t\t\t\t<\/div>\n\t\t\t\t\t<\/div>\n\t\t<\/div>\n\t\t\t\t\t<\/div>\n\t\t<\/section>\n\t\t\t\t<section class=\"elementor-section elementor-top-section elementor-element elementor-element-6b661d6 elementor-section-boxed elementor-section-height-default elementor-section-height-default\" data-id=\"6b661d6\" data-element_type=\"section\" data-e-type=\"section\">\n\t\t\t\t\t\t<div class=\"elementor-container elementor-column-gap-default\">\n\t\t\t\t\t<div class=\"elementor-column elementor-col-66 elementor-top-column elementor-element elementor-element-5109d40\" data-id=\"5109d40\" data-element_type=\"column\" data-e-type=\"column\">\n\t\t\t<div class=\"elementor-widget-wrap elementor-element-populated\">\n\t\t\t\t\t\t<div class=\"elementor-element elementor-element-7274931 elementor-widget elementor-widget-text-editor\" data-id=\"7274931\" data-element_type=\"widget\" data-e-type=\"widget\" data-widget_type=\"text-editor.default\">\n\t\t\t\t<div class=\"elementor-widget-container\">\n\t\t\t\t\t\t\t\t\t<ul><li>Provincial: cada uma das 10 prov\u00edncias canadenses tem seu pr\u00f3prio conjunto de programas de imigra\u00e7\u00e3o, com requerimentos que variam de acordo com a necessidade de cada localidade. As aplica\u00e7\u00f5es, na maioria das vezes, podem ser feitas via papel &#8211; com maior tempo de processamento, ou online \u2013 com menor tempo de processamento. Para as aplica\u00e7\u00f5es ligadas ao EE, voc\u00ea dever\u00e1 cumprir com os requerimentos tanto da provincial quanto do programa federal.<\/li><\/ul>\t\t\t\t\t\t\t\t<\/div>\n\t\t\t\t<\/div>\n\t\t\t\t\t<\/div>\n\t\t<\/div>\n\t\t\t\t<div class=\"elementor-column elementor-col-33 elementor-top-column elementor-element elementor-element-b82afd7\" data-id=\"b82afd7\" data-element_type=\"column\" data-e-type=\"column\">\n\t\t\t<div class=\"elementor-widget-wrap elementor-element-populated\">\n\t\t\t\t\t\t<div class=\"elementor-element elementor-element-bfd03cc elementor-widget elementor-widget-image\" data-id=\"bfd03cc\" data-element_type=\"widget\" data-e-type=\"widget\" data-widget_type=\"image.default\">\n\t\t\t\t<div class=\"elementor-widget-container\">\n\t\t\t\t\t\t\t\t\t\t\t\t\t\t\t<img decoding=\"async\" width=\"1024\" height=\"768\" src=\"https:\/\/auroraimmigration.com\/wp-content\/uploads\/2018\/11\/aurora_provincial_1-1024x768.jpg\" class=\"attachment-large size-large wp-image-210\" alt=\"\" srcset=\"https:\/\/auroraimmigration.com\/wp-content\/uploads\/2018\/11\/aurora_provincial_1-1024x768.jpg 1024w, https:\/\/auroraimmigration.com\/wp-content\/uploads\/2018\/11\/aurora_provincial_1-300x225.jpg 300w, https:\/\/auroraimmigration.com\/wp-content\/uploads\/2018\/11\/aurora_provincial_1-768x576.jpg 768w, https:\/\/auroraimmigration.com\/wp-content\/uploads\/2018\/11\/aurora_provincial_1-e1550115652682.jpg 1920w\" sizes=\"(max-width: 1024px) 100vw, 1024px\" \/>\t\t\t\t\t\t\t\t\t\t\t\t\t\t\t<\/div>\n\t\t\t\t<\/div>\n\t\t\t\t\t<\/div>\n\t\t<\/div>\n\t\t\t\t\t<\/div>\n\t\t<\/section>\n\t\t\t\t<section class=\"elementor-section elementor-top-section elementor-element elementor-element-df5a80a elementor-section-boxed elementor-section-height-default elementor-section-height-default\" data-id=\"df5a80a\" data-element_type=\"section\" data-e-type=\"section\">\n\t\t\t\t\t\t<div class=\"elementor-container elementor-column-gap-default\">\n\t\t\t\t\t<div class=\"elementor-column elementor-col-100 elementor-top-column elementor-element elementor-element-984c7f7\" data-id=\"984c7f7\" data-element_type=\"column\" data-e-type=\"column\">\n\t\t\t<div class=\"elementor-widget-wrap elementor-element-populated\">\n\t\t\t\t\t\t<div class=\"elementor-element elementor-element-8a5ca8f elementor-widget elementor-widget-text-editor\" data-id=\"8a5ca8f\" data-element_type=\"widget\" data-e-type=\"widget\" data-widget_type=\"text-editor.default\">\n\t\t\t\t<div class=\"elementor-widget-container\">\n\t\t\t\t\t\t\t\t\t<ul><li>Start-up Visa: voc\u00ea ir\u00e1 precisar de um acordo com uma organiza\u00e7\u00e3o designada, na qual dono dever\u00e1 ter\u00e1 o menos 10% de direito de voto atrelado \u00e0s suas a\u00e7\u00f5es. Voc\u00ea dever\u00e1 ser parte fundamental e integral da empresa. Al\u00e9m disso, voc\u00ea dever\u00e1 cumprir os requerimentos de ingl\u00eas\/franc\u00eas e tamb\u00e9m da quantidade m\u00ednima de fundos que voc\u00ea dever\u00e1 trazer.<\/li><\/ul><div>\u00a0<\/div><ul><li>Atlantic Immigration Pilot: engloba tr\u00eas programas nos quais os empregadores podem te contratar. Neles, os requerimentos gerais s\u00e3o:<ul><li>High-Skilled: ter experi\u00eancia de trabalho, por ao menos um ano, na \u00e1rea gerencial, professional ou t\u00e9cnica; ter ao menos 2o grau complete, compet\u00eancia no ingl\u00eas\/franc\u00eas, fundos para se manter no Canad\u00e1.<\/li><li>Intermediate-Skilled: ter experi\u00eancia de trabalho, por ao menos um ano, em um trabalho que exija o 2o grau completo ou algum treinamento espec\u00edfico,\u00a0compet\u00eancia no ingl\u00eas\/franc\u00eas, fundos para se manter no Canad\u00e1.<\/li><li>International Graduate: ter um diploma, grau ou outra credencial, de uma institui\u00e7\u00e3o p\u00fablica de uma prov\u00edncia do Atl\u00e2ntico; ter morado em uma prov\u00edncia do Atl\u00e2ntico ao menos 16m nos 2 anos anteriores a voc\u00ea conquistar seu grau, diploma ou outro certificado; compet\u00eancia no ingl\u00eas\/franc\u00eas, fundos para se manter no Canad\u00e1.<\/li><\/ul><\/li><\/ul>\t\t\t\t\t\t\t\t<\/div>\n\t\t\t\t<\/div>\n\t\t\t\t<div class=\"elementor-element elementor-element-d263575 elementor-widget elementor-widget-spacer\" data-id=\"d263575\" data-element_type=\"widget\" data-e-type=\"widget\" data-widget_type=\"spacer.default\">\n\t\t\t\t<div class=\"elementor-widget-container\">\n\t\t\t\t\t\t\t<div class=\"elementor-spacer\">\n\t\t\t<div class=\"elementor-spacer-inner\"><\/div>\n\t\t<\/div>\n\t\t\t\t\t\t<\/div>\n\t\t\t\t<\/div>\n\t\t\t\t<div class=\"elementor-element elementor-element-c61546d elementor-widget elementor-widget-heading\" data-id=\"c61546d\" data-element_type=\"widget\" data-e-type=\"widget\" data-widget_type=\"heading.default\">\n\t\t\t\t<div class=\"elementor-widget-container\">\n\t\t\t\t\t<h2 class=\"elementor-heading-title elementor-size-default\">Entre em contato com a gente<\/h2>\t\t\t\t<\/div>\n\t\t\t\t<\/div>\n\t\t\t\t<div class=\"elementor-element elementor-element-9f0edbc elementor-widget elementor-widget-spacer\" data-id=\"9f0edbc\" data-element_type=\"widget\" data-e-type=\"widget\" data-widget_type=\"spacer.default\">\n\t\t\t\t<div class=\"elementor-widget-container\">\n\t\t\t\t\t\t\t<div class=\"elementor-spacer\">\n\t\t\t<div class=\"elementor-spacer-inner\"><\/div>\n\t\t<\/div>\n\t\t\t\t\t\t<\/div>\n\t\t\t\t<\/div>\n\t\t\t\t\t<\/div>\n\t\t<\/div>\n\t\t\t\t\t<\/div>\n\t\t<\/section>\n\t\t\t\t<section class=\"elementor-section elementor-top-section elementor-element elementor-element-34c5f34 elementor-section-stretched elementor-section-full_width elementor-section-height-full elementor-section-height-default elementor-section-items-middle\" data-id=\"34c5f34\" data-element_type=\"section\" data-e-type=\"section\" data-settings=\"{&quot;stretch_section&quot;:&quot;section-stretched&quot;,&quot;background_background&quot;:&quot;classic&quot;}\">\n\t\t\t\t\t\t<div class=\"elementor-container elementor-column-gap-default\">\n\t\t\t\t\t<div class=\"elementor-column elementor-col-50 elementor-top-column elementor-element elementor-element-9efd160\" data-id=\"9efd160\" data-element_type=\"column\" data-e-type=\"column\">\n\t\t\t<div class=\"elementor-widget-wrap\">\n\t\t\t\t\t\t\t<\/div>\n\t\t<\/div>\n\t\t\t\t<div class=\"elementor-column elementor-col-50 elementor-top-column elementor-element elementor-element-ade7b91\" data-id=\"ade7b91\" data-element_type=\"column\" data-e-type=\"column\">\n\t\t\t<div class=\"elementor-widget-wrap elementor-element-populated\">\n\t\t\t\t\t\t<div class=\"elementor-element elementor-element-8b1c5e0 elementor-widget elementor-widget-text-editor\" data-id=\"8b1c5e0\" data-element_type=\"widget\" data-e-type=\"widget\" data-widget_type=\"text-editor.default\">\n\t\t\t\t<div class=\"elementor-widget-container\">\n\t\t\t\t\t\t\t\t\t[contact-form-7 id=&#8221;280&#8243; title=&#8221;Contact form 1&#8243;]\t\t\t\t\t\t\t\t<\/div>\n\t\t\t\t<\/div>\n\t\t\t\t\t<\/div>\n\t\t<\/div>\n\t\t\t\t\t<\/div>\n\t\t<\/section>\n\t\t\t\t<\/div>\n\t\t","protected":false},"excerpt":{"rendered":"<p>Resid\u00eancia Permanente H\u00e1 muitas maneiras de se imigrar para o Canad\u00e1. O caminho a ser seguido vai depender do perfil de cada candidato, que dever\u00e1 se enquadrar dentro da lista de requerimentos dos programas do governo canadense. Os fatores mais importantes para este processo s\u00e3o: idade, habilidade no Ingl\u00eas e Franc\u00eas, educa\u00e7\u00e3o e experi\u00eancia professional [&hellip;]<\/p>\n","protected":false},"author":1,"featured_media":0,"parent":0,"menu_order":0,"comment_status":"closed","ping_status":"closed","template":"","meta":{"footnotes":""},"class_list":["post-90","page","type-page","status-publish","hentry"],"aioseo_notices":[],"_links":{"self":[{"href":"https:\/\/auroraimmigration.com\/en\/wp-json\/wp\/v2\/pages\/90","targetHints":{"allow":["GET"]}}],"collection":[{"href":"https:\/\/auroraimmigration.com\/en\/wp-json\/wp\/v2\/pages"}],"about":[{"href":"https:\/\/auroraimmigration.com\/en\/wp-json\/wp\/v2\/types\/page"}],"author":[{"embeddable":true,"href":"https:\/\/auroraimmigration.com\/en\/wp-json\/wp\/v2\/users\/1"}],"replies":[{"embeddable":true,"href":"https:\/\/auroraimmigration.com\/en\/wp-json\/wp\/v2\/comments?post=90"}],"version-history":[{"count":7,"href":"https:\/\/auroraimmigration.com\/en\/wp-json\/wp\/v2\/pages\/90\/revisions"}],"predecessor-version":[{"id":2096,"href":"https:\/\/auroraimmigration.com\/en\/wp-json\/wp\/v2\/pages\/90\/revisions\/2096"}],"wp:attachment":[{"href":"https:\/\/auroraimmigration.com\/en\/wp-json\/wp\/v2\/media?parent=90"}],"curies":[{"name":"wp","href":"https:\/\/api.w.org\/{rel}","templated":true}]}}