{"id":88,"date":"2018-11-02T03:19:31","date_gmt":"2018-11-02T03:19:31","guid":{"rendered":"https:\/\/auroraimmigration.com\/?page_id=88"},"modified":"2019-01-25T18:51:56","modified_gmt":"2019-01-25T18:51:56","slug":"vistos","status":"publish","type":"page","link":"https:\/\/auroraimmigration.com\/en\/vistos\/","title":{"rendered":"Visas"},"content":{"rendered":"<h3 style=\"text-align: left;\"><strong>Tourism<\/strong><\/h3>\n<p style=\"text-align: left;\">The Tourism Visa is designed to those who want to come to Canada to visit the country as a tourist, see friends and family, or study for less than 6 months or to participate of a conference or meeting.<\/p>\n<p style=\"text-align: left;\">The \u201cpaper\u201d visa is necessary to those that never had a Canadian visa or that don\u2019t have a valid American visa. This visa is an official document stick to your passport (foil) that certifies that you meet the requirements to visit Canada.<\/p>\n<p style=\"text-align: left;\">Tendo o visto aprovado, ao chegar no Canada voc\u00ea far\u00e1 uma entrevista com um oficial de fronteira, que ir\u00e1 checar seus documentos e lhe informar por quanto tempo voc\u00ea poder\u00e1 ficar no pa\u00eds.<\/p>\n<p style=\"text-align: left;\">eTa (Autoriza\u00e7\u00e3o Eletr\u00f4nica de Viagem): o visto de turismo \u201celetr\u00f4nico\u201d \u00e9 destinado \u00e0s pessoas que tiveram um visto tempor\u00e1rio do Canada nos \u00faltimos 10 anos, ou que tenham um visto v\u00e1lido para os EUA, e que ir\u00e3o chegar ao Canada de avi\u00e3o.<\/p>\n<p style=\"text-align: left;\">H\u00e1 ainda a op\u00e7\u00e3o do Super Visa, que \u00e9 um visto de turismo para pais e av\u00f3s de Cidad\u00e3os Canadenses ou Residentes Permanentes, que permite que pessoas neste perfil fiquem no Canada por at\u00e9 dois anos.<\/p>\n<h3 style=\"text-align: left;\"><strong>Study<\/strong><\/h3>\n<p style=\"text-align: left;\">Are you coming to Canada to study for more than 6 months? So, you will need a Student Visa!<\/p>\n<p style=\"text-align: left;\">If you are doing a full-time program at a College or University, you could still be eligible to work part-time during your program duration.<\/p>\n<h3 style=\"text-align: left;\"><strong>Work<\/strong><\/h3>\n<p style=\"text-align: left;\">If your goal is to work in Canada, there are different types of Visa to apply for, as long as you can fulfill the requirements.<\/p>\n<p style=\"text-align: left;\">Health Care students<\/p>\n<p style=\"text-align: left;\">You don\u2019t need a work visa if working on an administrative position in clinics, with the objective of training, and that will last less than 4 months. There is also the option of requesting a specific visa to the employer.<\/p>\n<p style=\"text-align: left;\">Students in general<\/p>\n<p style=\"text-align: left;\">Those who are enrolled in a full time program in a Designated Learning Institution, on a program more than 6 months long, in the which the student will receive a degree, certificate or diploma at the end: you won\u2019t need a work visa to work up to 20h\/week during program and full time on scheduled breaks.<\/p>\n<p style=\"text-align: left;\">Open Work Permit<\/p>\n<p style=\"text-align: left;\">To PGWP (Post Graduate Work Permit) eligible students<\/p>\n<p style=\"text-align: left;\">To whom had applied to Permanent Residence (PR) or is a dependent of a family member who had applied to PR<\/p>\n<p style=\"text-align: left;\">To spouse of whom is studying (on eligible institutions) or has a work visa<\/p>\n<p style=\"text-align: left;\">Employer Specific<\/p>\n<p style=\"text-align: left;\">The employer will need to apply for an LMIA first and then give you the approved document, together with a job offer letter<\/p>\n<p style=\"text-align: left;\">Global Skills Strategy Program has a processing time of two weeks:<\/p>\n<ul style=\"text-align: left;\">\n<li>Without LMIA, if your job is included on NOC 0 (management) or A (professional)<\/li>\n<li>With LMIA, if your job is included in the position on-demand list<\/li>\n<\/ul>\n<p style=\"text-align: left;\">Co-op: Some study programs include a working experience portion in their curriculum. This internship has to be no more than 50% of the entire program. This type of visa is not available for those who are doing Pathway or English classes.<\/p>\n\n\n<p><\/p>","protected":false},"excerpt":{"rendered":"<p>Turista O visto de Turismo \u00e9 destinado para aquelas pessoas que querem vir ao Canad\u00e1 para visitar o pa\u00eds como turista, visitar amigos e familiares, estudar por menos de 6 meses ou participar de uma confer\u00eancia ou reuni\u00e3o. O visto de \u201cpapel\u201d \u00e9 necess\u00e1rio para aquelas pessoas que nunca tiveram um visto canadense ou que [&hellip;]<\/p>\n","protected":false},"author":1,"featured_media":0,"parent":0,"menu_order":0,"comment_status":"closed","ping_status":"closed","template":"","meta":{"footnotes":""},"class_list":["post-88","page","type-page","status-publish","hentry"],"aioseo_notices":[],"_links":{"self":[{"href":"https:\/\/auroraimmigration.com\/en\/wp-json\/wp\/v2\/pages\/88","targetHints":{"allow":["GET"]}}],"collection":[{"href":"https:\/\/auroraimmigration.com\/en\/wp-json\/wp\/v2\/pages"}],"about":[{"href":"https:\/\/auroraimmigration.com\/en\/wp-json\/wp\/v2\/types\/page"}],"author":[{"embeddable":true,"href":"https:\/\/auroraimmigration.com\/en\/wp-json\/wp\/v2\/users\/1"}],"replies":[{"embeddable":true,"href":"https:\/\/auroraimmigration.com\/en\/wp-json\/wp\/v2\/comments?post=88"}],"version-history":[{"count":4,"href":"https:\/\/auroraimmigration.com\/en\/wp-json\/wp\/v2\/pages\/88\/revisions"}],"predecessor-version":[{"id":456,"href":"https:\/\/auroraimmigration.com\/en\/wp-json\/wp\/v2\/pages\/88\/revisions\/456"}],"wp:attachment":[{"href":"https:\/\/auroraimmigration.com\/en\/wp-json\/wp\/v2\/media?parent=88"}],"curies":[{"name":"wp","href":"https:\/\/api.w.org\/{rel}","templated":true}]}}