{"id":357,"date":"2018-11-29T02:44:42","date_gmt":"2018-11-29T02:44:42","guid":{"rendered":"https:\/\/auroraimmigration.com\/?page_id=357"},"modified":"2019-10-03T04:45:32","modified_gmt":"2019-10-03T04:45:32","slug":"consultoria","status":"publish","type":"page","link":"https:\/\/auroraimmigration.com\/en\/consultoria\/","title":{"rendered":"Consultoria"},"content":{"rendered":"\t\t<div data-elementor-type=\"wp-post\" data-elementor-id=\"357\" class=\"elementor elementor-357\">\n\t\t\t\t\t\t<section class=\"elementor-section elementor-top-section elementor-element elementor-element-6755aa7 elementor-section-boxed elementor-section-height-default elementor-section-height-default\" data-id=\"6755aa7\" data-element_type=\"section\" data-e-type=\"section\">\n\t\t\t\t\t\t<div class=\"elementor-container elementor-column-gap-default\">\n\t\t\t\t\t<div class=\"elementor-column elementor-col-100 elementor-top-column elementor-element elementor-element-f6543ea\" data-id=\"f6543ea\" data-element_type=\"column\" data-e-type=\"column\">\n\t\t\t<div class=\"elementor-widget-wrap elementor-element-populated\">\n\t\t\t\t\t\t<div class=\"elementor-element elementor-element-1a7fed6 elementor-widget elementor-widget-image\" data-id=\"1a7fed6\" data-element_type=\"widget\" data-e-type=\"widget\" data-widget_type=\"image.default\">\n\t\t\t\t<div class=\"elementor-widget-container\">\n\t\t\t\t\t\t\t\t\t\t\t\t\t\t\t<img fetchpriority=\"high\" decoding=\"async\" width=\"1024\" height=\"340\" src=\"https:\/\/auroraimmigration.com\/wp-content\/uploads\/2018\/11\/aurora_consultoria_1-1024x340.jpg\" class=\"attachment-large size-large wp-image-201\" alt=\"\" srcset=\"https:\/\/auroraimmigration.com\/wp-content\/uploads\/2018\/11\/aurora_consultoria_1-1024x340.jpg 1024w, https:\/\/auroraimmigration.com\/wp-content\/uploads\/2018\/11\/aurora_consultoria_1-300x100.jpg 300w, https:\/\/auroraimmigration.com\/wp-content\/uploads\/2018\/11\/aurora_consultoria_1-768x255.jpg 768w, https:\/\/auroraimmigration.com\/wp-content\/uploads\/2018\/11\/aurora_consultoria_1.jpg 1920w\" sizes=\"(max-width: 1024px) 100vw, 1024px\" \/>\t\t\t\t\t\t\t\t\t\t\t\t\t\t\t<\/div>\n\t\t\t\t<\/div>\n\t\t\t\t<div class=\"elementor-element elementor-element-0b9ced1 elementor-widget elementor-widget-spacer\" data-id=\"0b9ced1\" data-element_type=\"widget\" data-e-type=\"widget\" data-widget_type=\"spacer.default\">\n\t\t\t\t<div class=\"elementor-widget-container\">\n\t\t\t\t\t\t\t<div class=\"elementor-spacer\">\n\t\t\t<div class=\"elementor-spacer-inner\"><\/div>\n\t\t<\/div>\n\t\t\t\t\t\t<\/div>\n\t\t\t\t<\/div>\n\t\t\t\t\t<\/div>\n\t\t<\/div>\n\t\t\t\t\t<\/div>\n\t\t<\/section>\n\t\t\t\t<section class=\"elementor-section elementor-top-section elementor-element elementor-element-3f987f6 elementor-section-boxed elementor-section-height-default elementor-section-height-default\" data-id=\"3f987f6\" data-element_type=\"section\" data-e-type=\"section\">\n\t\t\t\t\t\t<div class=\"elementor-container elementor-column-gap-default\">\n\t\t\t\t\t<div class=\"elementor-column elementor-col-100 elementor-top-column elementor-element elementor-element-fe72546\" data-id=\"fe72546\" data-element_type=\"column\" data-e-type=\"column\">\n\t\t\t<div class=\"elementor-widget-wrap elementor-element-populated\">\n\t\t\t\t\t\t<div class=\"elementor-element elementor-element-cb8c3d0 elementor-widget elementor-widget-text-editor\" data-id=\"cb8c3d0\" data-element_type=\"widget\" data-e-type=\"widget\" data-widget_type=\"text-editor.default\">\n\t\t\t\t<div class=\"elementor-widget-container\">\n\t\t\t\t\t\t\t\t\t<p>Voc\u00ea quer mudar de vida? De pa\u00eds?<\/p><p>Iniciar um novo projeto, uma nova carreira?<\/p><p>Buscar mais qualidade de vida e seguran\u00e7a para voc\u00ea e sua fam\u00edlia?<\/p><p>Ent\u00e3o fale com a gente e marque hoje mesmo a sua consultoria!<\/p><p>Nessa Consulta, analisamos o seu perfil e o da sua fam\u00edlia, buscamos quais programas de imigra\u00e7\u00e3o mais se adequam \u00e0 sua necessidade e tra\u00e7amos um planejamento para voc\u00ea atingir seu objetivo.<\/p><p>As consultas t\u00eam dura\u00e7\u00e3o de at\u00e9 40 minutos e podem ser feitas presencialmente (se voc\u00ea j\u00e1 estiver aqui em Vancouver) ou via Skype.<\/p><p>E tudo isso por apenas C$ 79.00!<\/p><p>Aproveite agora essa oportunidade!<\/p>\t\t\t\t\t\t\t\t<\/div>\n\t\t\t\t<\/div>\n\t\t\t\t<div class=\"elementor-element elementor-element-be40914 elementor-widget elementor-widget-spacer\" data-id=\"be40914\" data-element_type=\"widget\" data-e-type=\"widget\" data-widget_type=\"spacer.default\">\n\t\t\t\t<div class=\"elementor-widget-container\">\n\t\t\t\t\t\t\t<div class=\"elementor-spacer\">\n\t\t\t<div class=\"elementor-spacer-inner\"><\/div>\n\t\t<\/div>\n\t\t\t\t\t\t<\/div>\n\t\t\t\t<\/div>\n\t\t\t\t<div class=\"elementor-element elementor-element-358f4aa elementor-widget elementor-widget-heading\" data-id=\"358f4aa\" data-element_type=\"widget\" data-e-type=\"widget\" data-widget_type=\"heading.default\">\n\t\t\t\t<div class=\"elementor-widget-container\">\n\t\t\t\t\t<h2 class=\"elementor-heading-title elementor-size-default\">Entre em contato com a gente<\/h2>\t\t\t\t<\/div>\n\t\t\t\t<\/div>\n\t\t\t\t<div class=\"elementor-element elementor-element-9b5f773 elementor-widget elementor-widget-spacer\" data-id=\"9b5f773\" data-element_type=\"widget\" data-e-type=\"widget\" data-widget_type=\"spacer.default\">\n\t\t\t\t<div class=\"elementor-widget-container\">\n\t\t\t\t\t\t\t<div class=\"elementor-spacer\">\n\t\t\t<div class=\"elementor-spacer-inner\"><\/div>\n\t\t<\/div>\n\t\t\t\t\t\t<\/div>\n\t\t\t\t<\/div>\n\t\t\t\t\t<\/div>\n\t\t<\/div>\n\t\t\t\t\t<\/div>\n\t\t<\/section>\n\t\t\t\t<section class=\"elementor-section elementor-top-section elementor-element elementor-element-b8effae elementor-section-stretched elementor-section-boxed elementor-section-height-default elementor-section-height-default\" data-id=\"b8effae\" data-element_type=\"section\" data-e-type=\"section\" data-settings=\"{&quot;stretch_section&quot;:&quot;section-stretched&quot;,&quot;background_background&quot;:&quot;classic&quot;}\">\n\t\t\t\t\t\t<div class=\"elementor-container elementor-column-gap-default\">\n\t\t\t\t\t<div class=\"elementor-column elementor-col-50 elementor-top-column elementor-element elementor-element-17651b3\" data-id=\"17651b3\" data-element_type=\"column\" data-e-type=\"column\" data-settings=\"{&quot;background_background&quot;:&quot;classic&quot;}\">\n\t\t\t<div class=\"elementor-widget-wrap\">\n\t\t\t\t\t\t\t<\/div>\n\t\t<\/div>\n\t\t\t\t<div class=\"elementor-column elementor-col-50 elementor-top-column elementor-element elementor-element-a2b33ab\" data-id=\"a2b33ab\" data-element_type=\"column\" data-e-type=\"column\">\n\t\t\t<div class=\"elementor-widget-wrap elementor-element-populated\">\n\t\t\t\t\t\t<div class=\"elementor-element elementor-element-59e39f0 elementor-widget elementor-widget-text-editor\" data-id=\"59e39f0\" data-element_type=\"widget\" data-e-type=\"widget\" data-widget_type=\"text-editor.default\">\n\t\t\t\t<div class=\"elementor-widget-container\">\n\t\t\t\t\t\t\t\t\t[contact-form-7 id=&#8221;280&#8243; title=&#8221;Contact form 1&#8243;]\t\t\t\t\t\t\t\t<\/div>\n\t\t\t\t<\/div>\n\t\t\t\t\t<\/div>\n\t\t<\/div>\n\t\t\t\t\t<\/div>\n\t\t<\/section>\n\t\t\t\t<\/div>\n\t\t","protected":false},"excerpt":{"rendered":"<p>Voc\u00ea quer mudar de vida? De pa\u00eds? Iniciar um novo projeto, uma nova carreira? Buscar mais qualidade de vida e seguran\u00e7a para voc\u00ea e sua fam\u00edlia? Ent\u00e3o fale com a gente e marque hoje mesmo a sua consultoria! Nessa Consulta, analisamos o seu perfil e o da sua fam\u00edlia, buscamos quais programas de imigra\u00e7\u00e3o mais [&hellip;]<\/p>\n","protected":false},"author":1,"featured_media":0,"parent":0,"menu_order":0,"comment_status":"closed","ping_status":"closed","template":"","meta":{"footnotes":""},"class_list":["post-357","page","type-page","status-publish","hentry"],"aioseo_notices":[],"_links":{"self":[{"href":"https:\/\/auroraimmigration.com\/en\/wp-json\/wp\/v2\/pages\/357","targetHints":{"allow":["GET"]}}],"collection":[{"href":"https:\/\/auroraimmigration.com\/en\/wp-json\/wp\/v2\/pages"}],"about":[{"href":"https:\/\/auroraimmigration.com\/en\/wp-json\/wp\/v2\/types\/page"}],"author":[{"embeddable":true,"href":"https:\/\/auroraimmigration.com\/en\/wp-json\/wp\/v2\/users\/1"}],"replies":[{"embeddable":true,"href":"https:\/\/auroraimmigration.com\/en\/wp-json\/wp\/v2\/comments?post=357"}],"version-history":[{"count":15,"href":"https:\/\/auroraimmigration.com\/en\/wp-json\/wp\/v2\/pages\/357\/revisions"}],"predecessor-version":[{"id":2107,"href":"https:\/\/auroraimmigration.com\/en\/wp-json\/wp\/v2\/pages\/357\/revisions\/2107"}],"wp:attachment":[{"href":"https:\/\/auroraimmigration.com\/en\/wp-json\/wp\/v2\/media?parent=357"}],"curies":[{"name":"wp","href":"https:\/\/api.w.org\/{rel}","templated":true}]}}