{"id":259,"date":"2018-11-16T04:23:40","date_gmt":"2018-11-16T04:23:40","guid":{"rendered":"https:\/\/auroraimmigration.com\/?page_id=259"},"modified":"2019-10-03T04:36:13","modified_gmt":"2019-10-03T04:36:13","slug":"turista","status":"publish","type":"page","link":"https:\/\/auroraimmigration.com\/en\/turista\/","title":{"rendered":"Tourism"},"content":{"rendered":"\t\t<div data-elementor-type=\"wp-post\" data-elementor-id=\"259\" class=\"elementor elementor-259\">\n\t\t\t\t\t\t<section class=\"elementor-section elementor-top-section elementor-element elementor-element-1404075 elementor-section-boxed elementor-section-height-default elementor-section-height-default\" data-id=\"1404075\" data-element_type=\"section\" data-e-type=\"section\" data-settings=\"{&quot;background_background&quot;:&quot;classic&quot;}\">\n\t\t\t\t\t\t\t<div class=\"elementor-background-overlay\"><\/div>\n\t\t\t\t\t\t\t<div class=\"elementor-container elementor-column-gap-default\">\n\t\t\t\t\t<div class=\"elementor-column elementor-col-100 elementor-top-column elementor-element elementor-element-4e08ac1\" data-id=\"4e08ac1\" data-element_type=\"column\" data-e-type=\"column\">\n\t\t\t<div class=\"elementor-widget-wrap elementor-element-populated\">\n\t\t\t\t\t\t<div class=\"elementor-element elementor-element-a94fb6b elementor-widget elementor-widget-image-carousel\" data-id=\"a94fb6b\" data-element_type=\"widget\" data-e-type=\"widget\" data-settings=\"{&quot;slides_to_show&quot;:&quot;2&quot;,&quot;navigation&quot;:&quot;none&quot;,&quot;slides_to_scroll&quot;:&quot;2&quot;,&quot;autoplay&quot;:&quot;yes&quot;,&quot;pause_on_hover&quot;:&quot;yes&quot;,&quot;pause_on_interaction&quot;:&quot;yes&quot;,&quot;autoplay_speed&quot;:5000,&quot;infinite&quot;:&quot;yes&quot;,&quot;speed&quot;:500}\" data-widget_type=\"image-carousel.default\">\n\t\t\t\t<div class=\"elementor-widget-container\">\n\t\t\t\t\t\t\t<div class=\"elementor-image-carousel-wrapper swiper\" role=\"region\" aria-roledescription=\"carousel\" aria-label=\"Carrossel de imagens\" dir=\"ltr\">\n\t\t\t<div class=\"elementor-image-carousel swiper-wrapper swiper-image-stretch\" aria-live=\"off\">\n\t\t\t\t\t\t\t\t<div class=\"swiper-slide\" role=\"group\" aria-roledescription=\"slide\" aria-label=\"1 de 2\"><figure class=\"swiper-slide-inner\"><img decoding=\"async\" class=\"swiper-slide-image\" src=\"https:\/\/auroraimmigration.com\/wp-content\/uploads\/2018\/11\/aurora_turista_1-e1550115315146.jpg\" alt=\"visto de turismo\" \/><\/figure><\/div><div class=\"swiper-slide\" role=\"group\" aria-roledescription=\"slide\" aria-label=\"2 de 2\"><figure class=\"swiper-slide-inner\"><img decoding=\"async\" class=\"swiper-slide-image\" src=\"https:\/\/auroraimmigration.com\/wp-content\/uploads\/2018\/11\/aurora_turista_2-e1550115281613.jpg\" alt=\"visto de turismo\" \/><\/figure><\/div>\t\t\t<\/div>\n\t\t\t\t\t\t\t\n\t\t\t\t\t\t\t\t\t<\/div>\n\t\t\t\t\t\t<\/div>\n\t\t\t\t<\/div>\n\t\t\t\t\t<\/div>\n\t\t<\/div>\n\t\t\t\t\t<\/div>\n\t\t<\/section>\n\t\t\t\t<section class=\"elementor-section elementor-top-section elementor-element elementor-element-93b6fee elementor-section-boxed elementor-section-height-default elementor-section-height-default\" data-id=\"93b6fee\" data-element_type=\"section\" data-e-type=\"section\">\n\t\t\t\t\t\t<div class=\"elementor-container elementor-column-gap-default\">\n\t\t\t\t\t<div class=\"elementor-column elementor-col-100 elementor-top-column elementor-element elementor-element-cb6729d\" data-id=\"cb6729d\" data-element_type=\"column\" data-e-type=\"column\" data-settings=\"{&quot;background_background&quot;:&quot;classic&quot;}\">\n\t\t\t<div class=\"elementor-widget-wrap elementor-element-populated\">\n\t\t\t\t\t\t<div class=\"elementor-element elementor-element-d5e27b2 elementor-widget elementor-widget-heading\" data-id=\"d5e27b2\" data-element_type=\"widget\" data-e-type=\"widget\" data-widget_type=\"heading.default\">\n\t\t\t\t<div class=\"elementor-widget-container\">\n\t\t\t\t\t<h2 class=\"elementor-heading-title elementor-size-default\">Turismo<\/h2>\t\t\t\t<\/div>\n\t\t\t\t<\/div>\n\t\t\t\t<div class=\"elementor-element elementor-element-2470058 elementor-widget elementor-widget-text-editor\" data-id=\"2470058\" data-element_type=\"widget\" data-e-type=\"widget\" data-widget_type=\"text-editor.default\">\n\t\t\t\t<div class=\"elementor-widget-container\">\n\t\t\t\t\t\t\t\t\t<p>O visto de Turismo \u00e9 destinado para aquelas pessoas que querem vir ao Canad\u00e1 para visitar o pa\u00eds como turista, visitar amigos e familiares, estudar por menos de 6 meses ou participar de uma confer\u00eancia ou reuni\u00e3o.<\/p><ul><li>O visto de \u201cpapel\u201d \u00e9 necess\u00e1rio para aquelas pessoas que nunca tiveram um visto canadense ou que n\u00e3o tenham um visto americano v\u00e1lido. Este visto \u00e9 um documento oficial colado ao seu passaporte (uma etiqueta) que certifica que voc\u00ea atende aos requerimentos para visitar o Canad\u00e1.<\/li><\/ul><p>Tendo o visto aprovado, ao chegar no Canad\u00e1 voc\u00ea far\u00e1 uma entrevista com um oficial de fronteira, que ir\u00e1 checar seus documentos e lhe informar por quanto tempo voc\u00ea poder\u00e1 ficar no pa\u00eds.<\/p><ul><li>eTa (Autoriza\u00e7\u00e3o Eletr\u00f4nica de Viagem): o visto de turismo \u201celetr\u00f4nico\u201d \u00e9 destinado \u00e0s pessoas que tiveram um visto tempor\u00e1rio do Canad\u00e1 nos \u00faltimos 10 anos, ou que tenham um visto v\u00e1lido para os EUA, e que ir\u00e3o chegar ao Canad\u00e1 de avi\u00e3o.<\/li><\/ul><p>H\u00e1 ainda a op\u00e7\u00e3o do Super Visa, que \u00e9 um visto de turismo para pais e av\u00f3s de Cidad\u00e3os Canadenses ou Residentes Permanentes, que permite que pessoas neste perfil fiquem no Canad\u00e1 por at\u00e9 dois anos.<\/p>\t\t\t\t\t\t\t\t<\/div>\n\t\t\t\t<\/div>\n\t\t\t\t<div class=\"elementor-element elementor-element-f77dd93 elementor-widget elementor-widget-heading\" data-id=\"f77dd93\" data-element_type=\"widget\" data-e-type=\"widget\" data-widget_type=\"heading.default\">\n\t\t\t\t<div class=\"elementor-widget-container\">\n\t\t\t\t\t<h2 class=\"elementor-heading-title elementor-size-default\">Entre em contato com a gente<\/h2>\t\t\t\t<\/div>\n\t\t\t\t<\/div>\n\t\t\t\t<div class=\"elementor-element elementor-element-bcb39d4 elementor-widget elementor-widget-spacer\" data-id=\"bcb39d4\" data-element_type=\"widget\" data-e-type=\"widget\" data-widget_type=\"spacer.default\">\n\t\t\t\t<div class=\"elementor-widget-container\">\n\t\t\t\t\t\t\t<div class=\"elementor-spacer\">\n\t\t\t<div class=\"elementor-spacer-inner\"><\/div>\n\t\t<\/div>\n\t\t\t\t\t\t<\/div>\n\t\t\t\t<\/div>\n\t\t\t\t\t<\/div>\n\t\t<\/div>\n\t\t\t\t\t<\/div>\n\t\t<\/section>\n\t\t\t\t<section class=\"elementor-section elementor-top-section elementor-element elementor-element-605ce9c elementor-section-stretched elementor-section-boxed elementor-section-height-default elementor-section-height-default\" data-id=\"605ce9c\" data-element_type=\"section\" data-e-type=\"section\" data-settings=\"{&quot;stretch_section&quot;:&quot;section-stretched&quot;,&quot;background_background&quot;:&quot;classic&quot;}\">\n\t\t\t\t\t\t<div class=\"elementor-container elementor-column-gap-default\">\n\t\t\t\t\t<div class=\"elementor-column elementor-col-50 elementor-top-column elementor-element elementor-element-7f7e175\" data-id=\"7f7e175\" data-element_type=\"column\" data-e-type=\"column\">\n\t\t\t<div class=\"elementor-widget-wrap\">\n\t\t\t\t\t\t\t<\/div>\n\t\t<\/div>\n\t\t\t\t<div class=\"elementor-column elementor-col-50 elementor-top-column elementor-element elementor-element-35b4402\" data-id=\"35b4402\" data-element_type=\"column\" data-e-type=\"column\" data-settings=\"{&quot;background_background&quot;:&quot;classic&quot;}\">\n\t\t\t<div class=\"elementor-widget-wrap elementor-element-populated\">\n\t\t\t\t\t\t<div class=\"elementor-element elementor-element-b408654 elementor-widget elementor-widget-text-editor\" data-id=\"b408654\" data-element_type=\"widget\" data-e-type=\"widget\" data-widget_type=\"text-editor.default\">\n\t\t\t\t<div class=\"elementor-widget-container\">\n\t\t\t\t\t\t\t\t\t[contact-form-7 id=&#8221;280&#8243; title=&#8221;Contact form 1&#8243;]\t\t\t\t\t\t\t\t<\/div>\n\t\t\t\t<\/div>\n\t\t\t\t\t<\/div>\n\t\t<\/div>\n\t\t\t\t\t<\/div>\n\t\t<\/section>\n\t\t\t\t<\/div>\n\t\t","protected":false},"excerpt":{"rendered":"<p>Turismo O visto de Turismo \u00e9 destinado para aquelas pessoas que querem vir ao Canad\u00e1 para visitar o pa\u00eds como turista, visitar amigos e familiares, estudar por menos de 6 meses ou participar de uma confer\u00eancia ou reuni\u00e3o. O visto de \u201cpapel\u201d \u00e9 necess\u00e1rio para aquelas pessoas que nunca tiveram um visto canadense ou que [&hellip;]<\/p>\n","protected":false},"author":1,"featured_media":0,"parent":0,"menu_order":0,"comment_status":"closed","ping_status":"closed","template":"","meta":{"footnotes":""},"class_list":["post-259","page","type-page","status-publish","hentry"],"aioseo_notices":[],"_links":{"self":[{"href":"https:\/\/auroraimmigration.com\/en\/wp-json\/wp\/v2\/pages\/259","targetHints":{"allow":["GET"]}}],"collection":[{"href":"https:\/\/auroraimmigration.com\/en\/wp-json\/wp\/v2\/pages"}],"about":[{"href":"https:\/\/auroraimmigration.com\/en\/wp-json\/wp\/v2\/types\/page"}],"author":[{"embeddable":true,"href":"https:\/\/auroraimmigration.com\/en\/wp-json\/wp\/v2\/users\/1"}],"replies":[{"embeddable":true,"href":"https:\/\/auroraimmigration.com\/en\/wp-json\/wp\/v2\/comments?post=259"}],"version-history":[{"count":17,"href":"https:\/\/auroraimmigration.com\/en\/wp-json\/wp\/v2\/pages\/259\/revisions"}],"predecessor-version":[{"id":2099,"href":"https:\/\/auroraimmigration.com\/en\/wp-json\/wp\/v2\/pages\/259\/revisions\/2099"}],"wp:attachment":[{"href":"https:\/\/auroraimmigration.com\/en\/wp-json\/wp\/v2\/media?parent=259"}],"curies":[{"name":"wp","href":"https:\/\/api.w.org\/{rel}","templated":true}]}}