{"id":113,"date":"2018-11-02T18:14:19","date_gmt":"2018-11-02T18:14:19","guid":{"rendered":"https:\/\/auroraimmigration.com\/?page_id=113"},"modified":"2019-10-03T04:30:29","modified_gmt":"2019-10-03T04:30:29","slug":"cidadania","status":"publish","type":"page","link":"https:\/\/auroraimmigration.com\/en\/cidadania\/","title":{"rendered":"Citizenship"},"content":{"rendered":"\t\t<div data-elementor-type=\"wp-post\" data-elementor-id=\"113\" class=\"elementor elementor-113\">\n\t\t\t\t\t\t<section class=\"elementor-section elementor-top-section elementor-element elementor-element-764f68d elementor-section-boxed elementor-section-height-default elementor-section-height-default\" data-id=\"764f68d\" data-element_type=\"section\" data-e-type=\"section\">\n\t\t\t\t\t\t<div class=\"elementor-container elementor-column-gap-default\">\n\t\t\t\t\t<div class=\"elementor-column elementor-col-50 elementor-top-column elementor-element elementor-element-77338cb\" data-id=\"77338cb\" data-element_type=\"column\" data-e-type=\"column\">\n\t\t\t<div class=\"elementor-widget-wrap elementor-element-populated\">\n\t\t\t\t\t\t<div class=\"elementor-element elementor-element-405f688 elementor-widget elementor-widget-image\" data-id=\"405f688\" data-element_type=\"widget\" data-e-type=\"widget\" data-widget_type=\"image.default\">\n\t\t\t\t<div class=\"elementor-widget-container\">\n\t\t\t\t\t\t\t\t\t\t\t\t\t\t\t<img fetchpriority=\"high\" decoding=\"async\" width=\"683\" height=\"1024\" src=\"https:\/\/auroraimmigration.com\/wp-content\/uploads\/2018\/11\/aurora_cidadania_1-683x1024.jpg\" class=\"attachment-large size-large wp-image-200\" alt=\"\" srcset=\"https:\/\/auroraimmigration.com\/wp-content\/uploads\/2018\/11\/aurora_cidadania_1-683x1024.jpg 683w, https:\/\/auroraimmigration.com\/wp-content\/uploads\/2018\/11\/aurora_cidadania_1-200x300.jpg 200w, https:\/\/auroraimmigration.com\/wp-content\/uploads\/2018\/11\/aurora_cidadania_1-512x768.jpg 512w, https:\/\/auroraimmigration.com\/wp-content\/uploads\/2018\/11\/aurora_cidadania_1-e1550115741992.jpg 1920w\" sizes=\"(max-width: 683px) 100vw, 683px\" \/>\t\t\t\t\t\t\t\t\t\t\t\t\t\t\t<\/div>\n\t\t\t\t<\/div>\n\t\t\t\t<div class=\"elementor-element elementor-element-f381744 elementor-widget elementor-widget-spacer\" data-id=\"f381744\" data-element_type=\"widget\" data-e-type=\"widget\" data-widget_type=\"spacer.default\">\n\t\t\t\t<div class=\"elementor-widget-container\">\n\t\t\t\t\t\t\t<div class=\"elementor-spacer\">\n\t\t\t<div class=\"elementor-spacer-inner\"><\/div>\n\t\t<\/div>\n\t\t\t\t\t\t<\/div>\n\t\t\t\t<\/div>\n\t\t\t\t\t<\/div>\n\t\t<\/div>\n\t\t\t\t<div class=\"elementor-column elementor-col-50 elementor-top-column elementor-element elementor-element-4970421\" data-id=\"4970421\" data-element_type=\"column\" data-e-type=\"column\">\n\t\t\t<div class=\"elementor-widget-wrap elementor-element-populated\">\n\t\t\t\t\t\t<div class=\"elementor-element elementor-element-3ac1b5c elementor-widget elementor-widget-text-editor\" data-id=\"3ac1b5c\" data-element_type=\"widget\" data-e-type=\"widget\" data-widget_type=\"text-editor.default\">\n\t\t\t\t<div class=\"elementor-widget-container\">\n\t\t\t\t\t\t\t\t\t<p>Para aplicar para a Cidadania Canadense, voc\u00ea dever\u00e1 ser um Residente Permanente, e ter vivido no Canad\u00e1 1095 dias nos \u00faltimos 5 anos anteriores a sua aplica\u00e7\u00e3o.\u00a0<\/p><p>Voc\u00ea dever\u00e1 comprovar a sua habilidade na l\u00edngua inglesa\/francesa e tamb\u00e9m seus conhecimentos sobre o pa\u00eds.<\/p>\t\t\t\t\t\t\t\t<\/div>\n\t\t\t\t<\/div>\n\t\t\t\t\t<\/div>\n\t\t<\/div>\n\t\t\t\t\t<\/div>\n\t\t<\/section>\n\t\t\t\t<section class=\"elementor-section elementor-top-section elementor-element elementor-element-eb26d40 elementor-section-stretched elementor-section-boxed elementor-section-height-default elementor-section-height-default\" data-id=\"eb26d40\" data-element_type=\"section\" data-e-type=\"section\" data-settings=\"{&quot;stretch_section&quot;:&quot;section-stretched&quot;,&quot;background_background&quot;:&quot;classic&quot;}\">\n\t\t\t\t\t\t<div class=\"elementor-container elementor-column-gap-default\">\n\t\t\t\t\t<div class=\"elementor-column elementor-col-50 elementor-top-column elementor-element elementor-element-74f6deb\" data-id=\"74f6deb\" data-element_type=\"column\" data-e-type=\"column\">\n\t\t\t<div class=\"elementor-widget-wrap\">\n\t\t\t\t\t\t\t<\/div>\n\t\t<\/div>\n\t\t\t\t<div class=\"elementor-column elementor-col-50 elementor-top-column elementor-element elementor-element-3b3949a\" data-id=\"3b3949a\" data-element_type=\"column\" data-e-type=\"column\">\n\t\t\t<div class=\"elementor-widget-wrap elementor-element-populated\">\n\t\t\t\t\t\t<div class=\"elementor-element elementor-element-0d37427 elementor-widget elementor-widget-text-editor\" data-id=\"0d37427\" data-element_type=\"widget\" data-e-type=\"widget\" data-widget_type=\"text-editor.default\">\n\t\t\t\t<div class=\"elementor-widget-container\">\n\t\t\t\t\t\t\t\t\t[contact-form-7 id=&#8221;280&#8243; title=&#8221;Contact form 1&#8243;]\t\t\t\t\t\t\t\t<\/div>\n\t\t\t\t<\/div>\n\t\t\t\t\t<\/div>\n\t\t<\/div>\n\t\t\t\t\t<\/div>\n\t\t<\/section>\n\t\t\t\t<\/div>\n\t\t","protected":false},"excerpt":{"rendered":"<p>Para aplicar para a Cidadania Canadense, voc\u00ea dever\u00e1 ser um Residente Permanente, e ter vivido no Canad\u00e1 1095 dias nos \u00faltimos 5 anos anteriores a sua aplica\u00e7\u00e3o.&nbsp; Voc\u00ea dever\u00e1 comprovar a sua habilidade na l\u00edngua inglesa\/francesa e tamb\u00e9m seus conhecimentos sobre o pa\u00eds. Agende sua Consulta [contact-form-7 id=&#8221;280&#8243; title=&#8221;Contact form 1&#8243;]<\/p>\n","protected":false},"author":1,"featured_media":0,"parent":0,"menu_order":0,"comment_status":"closed","ping_status":"closed","template":"","meta":{"footnotes":""},"class_list":["post-113","page","type-page","status-publish","hentry"],"aioseo_notices":[],"_links":{"self":[{"href":"https:\/\/auroraimmigration.com\/en\/wp-json\/wp\/v2\/pages\/113","targetHints":{"allow":["GET"]}}],"collection":[{"href":"https:\/\/auroraimmigration.com\/en\/wp-json\/wp\/v2\/pages"}],"about":[{"href":"https:\/\/auroraimmigration.com\/en\/wp-json\/wp\/v2\/types\/page"}],"author":[{"embeddable":true,"href":"https:\/\/auroraimmigration.com\/en\/wp-json\/wp\/v2\/users\/1"}],"replies":[{"embeddable":true,"href":"https:\/\/auroraimmigration.com\/en\/wp-json\/wp\/v2\/comments?post=113"}],"version-history":[{"count":5,"href":"https:\/\/auroraimmigration.com\/en\/wp-json\/wp\/v2\/pages\/113\/revisions"}],"predecessor-version":[{"id":2097,"href":"https:\/\/auroraimmigration.com\/en\/wp-json\/wp\/v2\/pages\/113\/revisions\/2097"}],"wp:attachment":[{"href":"https:\/\/auroraimmigration.com\/en\/wp-json\/wp\/v2\/media?parent=113"}],"curies":[{"name":"wp","href":"https:\/\/api.w.org\/{rel}","templated":true}]}}