{"id":109,"date":"2018-11-02T18:05:35","date_gmt":"2018-11-02T18:05:35","guid":{"rendered":"https:\/\/auroraimmigration.com\/?page_id=109"},"modified":"2019-10-03T04:39:23","modified_gmt":"2019-10-03T04:39:23","slug":"trabalho","status":"publish","type":"page","link":"https:\/\/auroraimmigration.com\/en\/trabalho\/","title":{"rendered":"Work"},"content":{"rendered":"\t\t<div data-elementor-type=\"wp-post\" data-elementor-id=\"109\" class=\"elementor elementor-109\">\n\t\t\t\t\t\t<section class=\"elementor-section elementor-top-section elementor-element elementor-element-addd382 elementor-section-boxed elementor-section-height-default elementor-section-height-default\" data-id=\"addd382\" data-element_type=\"section\" data-e-type=\"section\">\n\t\t\t\t\t\t<div class=\"elementor-container elementor-column-gap-default\">\n\t\t\t\t\t<div class=\"elementor-column elementor-col-100 elementor-top-column elementor-element elementor-element-68257d7\" data-id=\"68257d7\" data-element_type=\"column\" data-e-type=\"column\">\n\t\t\t<div class=\"elementor-widget-wrap elementor-element-populated\">\n\t\t\t\t\t\t<div class=\"elementor-element elementor-element-68f761c elementor-widget elementor-widget-image-carousel\" data-id=\"68f761c\" data-element_type=\"widget\" data-e-type=\"widget\" data-settings=\"{&quot;slides_to_show&quot;:&quot;3&quot;,&quot;slides_to_scroll&quot;:&quot;3&quot;,&quot;navigation&quot;:&quot;none&quot;,&quot;autoplay&quot;:&quot;yes&quot;,&quot;pause_on_hover&quot;:&quot;yes&quot;,&quot;pause_on_interaction&quot;:&quot;yes&quot;,&quot;autoplay_speed&quot;:5000,&quot;infinite&quot;:&quot;yes&quot;,&quot;speed&quot;:500}\" data-widget_type=\"image-carousel.default\">\n\t\t\t\t<div class=\"elementor-widget-container\">\n\t\t\t\t\t\t\t<div class=\"elementor-image-carousel-wrapper swiper\" role=\"region\" aria-roledescription=\"carousel\" aria-label=\"Image Carousel\" dir=\"ltr\">\n\t\t\t<div class=\"elementor-image-carousel swiper-wrapper swiper-image-stretch\" aria-live=\"off\">\n\t\t\t\t\t\t\t\t<div class=\"swiper-slide\" role=\"group\" aria-roledescription=\"slide\" aria-label=\"1 of 3\"><figure class=\"swiper-slide-inner\"><img decoding=\"async\" class=\"swiper-slide-image\" src=\"https:\/\/auroraimmigration.com\/wp-content\/uploads\/2018\/11\/aurora_trabalho_3.jpg\" alt=\"aurora_trabalho_3\" \/><\/figure><\/div><div class=\"swiper-slide\" role=\"group\" aria-roledescription=\"slide\" aria-label=\"2 of 3\"><figure class=\"swiper-slide-inner\"><img decoding=\"async\" class=\"swiper-slide-image\" src=\"https:\/\/auroraimmigration.com\/wp-content\/uploads\/2018\/11\/aurora_trabalho_1-e1550115607269.jpg\" alt=\"aurora_trabalho_1\" \/><\/figure><\/div><div class=\"swiper-slide\" role=\"group\" aria-roledescription=\"slide\" aria-label=\"3 of 3\"><figure class=\"swiper-slide-inner\"><img decoding=\"async\" class=\"swiper-slide-image\" src=\"https:\/\/auroraimmigration.com\/wp-content\/uploads\/2018\/11\/aurora_trabalho_2.jpg\" alt=\"visto de trabalho\" \/><\/figure><\/div>\t\t\t<\/div>\n\t\t\t\t\t\t\t\n\t\t\t\t\t\t\t\t\t<\/div>\n\t\t\t\t\t\t<\/div>\n\t\t\t\t<\/div>\n\t\t\t\t\t<\/div>\n\t\t<\/div>\n\t\t\t\t\t<\/div>\n\t\t<\/section>\n\t\t\t\t<section class=\"elementor-section elementor-top-section elementor-element elementor-element-4fa0725 elementor-section-boxed elementor-section-height-default elementor-section-height-default\" data-id=\"4fa0725\" data-element_type=\"section\" data-e-type=\"section\">\n\t\t\t\t\t\t<div class=\"elementor-container elementor-column-gap-default\">\n\t\t\t\t\t<div class=\"elementor-column elementor-col-100 elementor-top-column elementor-element elementor-element-31d35b5\" data-id=\"31d35b5\" data-element_type=\"column\" data-e-type=\"column\">\n\t\t\t<div class=\"elementor-widget-wrap elementor-element-populated\">\n\t\t\t\t\t\t<div class=\"elementor-element elementor-element-513c5c6 elementor-widget elementor-widget-heading\" data-id=\"513c5c6\" data-element_type=\"widget\" data-e-type=\"widget\" data-widget_type=\"heading.default\">\n\t\t\t\t<div class=\"elementor-widget-container\">\n\t\t\t\t\t<h2 class=\"elementor-heading-title elementor-size-default\">Trabalho<\/h2>\t\t\t\t<\/div>\n\t\t\t\t<\/div>\n\t\t\t\t<div class=\"elementor-element elementor-element-00921e1 elementor-widget elementor-widget-text-editor\" data-id=\"00921e1\" data-element_type=\"widget\" data-e-type=\"widget\" data-widget_type=\"text-editor.default\">\n\t\t\t\t<div class=\"elementor-widget-container\">\n\t\t\t\t\t\t\t\t\t<p>Se o seu objetivo \u00e9 trabalhar no Canad\u00e1, h\u00e1 diferentes tipos de visto que voc\u00ea poder\u00e1 aplicar, desde que cumpra com os requerimentos espec\u00edficos de cada um deles.<\/p><ul><li>Estudante da \u00e1rea da sa\u00fade:<ul><li>voc\u00ea n\u00e3o precisar\u00e1 de um visto de trabalho se for realizar trabalhos administrativos em cl\u00ednicas, e com objetivo de treinamento, e que tenha dura\u00e7\u00e3o de menos de 4m. H\u00e1 tamb\u00e9m a op\u00e7\u00e3o de solicitar um visto espec\u00edfico para um empregador.<\/li><\/ul><\/li><li>Estudante em geral:<ul><li>matriculado em programa de tempo integral em Intui\u00e7\u00f5es de Ensino designadas, com mais de 6 meses de dura\u00e7\u00e3o, e que no qual o estudante obtenha um certificado, diploma ou grau: n\u00e3o precisam de visto de trabalho, podem trabalhar at\u00e9 20h\/semana durante o per\u00edodo de aulas e tempo integral durante as pausas do programa.<\/li><\/ul><\/li><li>Open WP (visto de trabalho aberto)<ul><li>Para os estudantes eleg\u00edveis aos PGWP (Post Graduate Work Permit)<\/li><li>Para quem aplicou para a Resid\u00eancia Permanente (PR) ou \u00e9 dependente de algum membro da fam\u00edlia que aplicou ao PR<\/li><li>Esposa(o) de quem \u00e9 estudante ou tem visto de trabalho<\/li><\/ul><\/li><li>Empregador Espec\u00edfico<ul><li>Empregador precisar aplicar ao LMIA primeiro e lhe fornecer o documento aprovado, junto com uma carta de oferta de trabalho, para que voc\u00ea possa aplicar ao visto<\/li><li>Processamento de duas semanas para o Programa Global Sklls Strategy:<ul><li>Sem LMIA, se o seu trabalho for do tipo NOC 0 (gerencial) ou A (profissional)<\/li><li>Com LMIA, se seu trabalho for estiver na lista de ocupa\u00e7\u00f5es em demanda do Programa<\/li><\/ul><\/li><\/ul><\/li><li>Co-op: alguns programas de estudo incluem um per\u00edodo de experi\u00eancia de trabalho nos seus curr\u00edculos. Este est\u00e1gio, dever\u00e1 ser de no m\u00e1ximo 50% da dura\u00e7\u00e3o total do Programa. Este tipo de visto n\u00e3o est\u00e1 dispon\u00edvel para quem est\u00e1 cursando Ingl\u00eas ou Pathway.<\/li><\/ul>\t\t\t\t\t\t\t\t<\/div>\n\t\t\t\t<\/div>\n\t\t\t\t<div class=\"elementor-element elementor-element-90d51d8 elementor-widget elementor-widget-spacer\" data-id=\"90d51d8\" data-element_type=\"widget\" data-e-type=\"widget\" data-widget_type=\"spacer.default\">\n\t\t\t\t<div class=\"elementor-widget-container\">\n\t\t\t\t\t\t\t<div class=\"elementor-spacer\">\n\t\t\t<div class=\"elementor-spacer-inner\"><\/div>\n\t\t<\/div>\n\t\t\t\t\t\t<\/div>\n\t\t\t\t<\/div>\n\t\t\t\t<div class=\"elementor-element elementor-element-d67278e elementor-widget elementor-widget-heading\" data-id=\"d67278e\" data-element_type=\"widget\" data-e-type=\"widget\" data-widget_type=\"heading.default\">\n\t\t\t\t<div class=\"elementor-widget-container\">\n\t\t\t\t\t<h2 class=\"elementor-heading-title elementor-size-default\">Entre em contato com a gente<\/h2>\t\t\t\t<\/div>\n\t\t\t\t<\/div>\n\t\t\t\t\t<\/div>\n\t\t<\/div>\n\t\t\t\t\t<\/div>\n\t\t<\/section>\n\t\t\t\t<section class=\"elementor-section elementor-top-section elementor-element elementor-element-7aa9c76 elementor-section-stretched elementor-section-boxed elementor-section-height-default elementor-section-height-default\" data-id=\"7aa9c76\" data-element_type=\"section\" data-e-type=\"section\" data-settings=\"{&quot;stretch_section&quot;:&quot;section-stretched&quot;,&quot;background_background&quot;:&quot;classic&quot;}\">\n\t\t\t\t\t\t<div class=\"elementor-container elementor-column-gap-default\">\n\t\t\t\t\t<div class=\"elementor-column elementor-col-50 elementor-top-column elementor-element elementor-element-968dfcb\" data-id=\"968dfcb\" data-element_type=\"column\" data-e-type=\"column\">\n\t\t\t<div class=\"elementor-widget-wrap\">\n\t\t\t\t\t\t\t<\/div>\n\t\t<\/div>\n\t\t\t\t<div class=\"elementor-column elementor-col-50 elementor-top-column elementor-element elementor-element-b53c3fe\" data-id=\"b53c3fe\" data-element_type=\"column\" data-e-type=\"column\">\n\t\t\t<div class=\"elementor-widget-wrap elementor-element-populated\">\n\t\t\t\t\t\t<div class=\"elementor-element elementor-element-c24822a elementor-widget elementor-widget-text-editor\" data-id=\"c24822a\" data-element_type=\"widget\" data-e-type=\"widget\" data-widget_type=\"text-editor.default\">\n\t\t\t\t<div class=\"elementor-widget-container\">\n\t\t\t\t\t\t\t\t\t[contact-form-7 id=&#8221;280&#8243; title=&#8221;Contact form 1&#8243;]\t\t\t\t\t\t\t\t<\/div>\n\t\t\t\t<\/div>\n\t\t\t\t\t<\/div>\n\t\t<\/div>\n\t\t\t\t\t<\/div>\n\t\t<\/section>\n\t\t\t\t<\/div>\n\t\t","protected":false},"excerpt":{"rendered":"<p>Trabalho Se o seu objetivo \u00e9 trabalhar no Canad\u00e1, h\u00e1 diferentes tipos de visto que voc\u00ea poder\u00e1 aplicar, desde que cumpra com os requerimentos espec\u00edficos de cada um deles. Estudante da \u00e1rea da sa\u00fade: voc\u00ea n\u00e3o precisar\u00e1 de um visto de trabalho se for realizar trabalhos administrativos em cl\u00ednicas, e com objetivo de treinamento, e [&hellip;]<\/p>\n","protected":false},"author":1,"featured_media":0,"parent":0,"menu_order":0,"comment_status":"closed","ping_status":"closed","template":"","meta":{"footnotes":""},"class_list":["post-109","page","type-page","status-publish","hentry"],"aioseo_notices":[],"_links":{"self":[{"href":"https:\/\/auroraimmigration.com\/en\/wp-json\/wp\/v2\/pages\/109","targetHints":{"allow":["GET"]}}],"collection":[{"href":"https:\/\/auroraimmigration.com\/en\/wp-json\/wp\/v2\/pages"}],"about":[{"href":"https:\/\/auroraimmigration.com\/en\/wp-json\/wp\/v2\/types\/page"}],"author":[{"embeddable":true,"href":"https:\/\/auroraimmigration.com\/en\/wp-json\/wp\/v2\/users\/1"}],"replies":[{"embeddable":true,"href":"https:\/\/auroraimmigration.com\/en\/wp-json\/wp\/v2\/comments?post=109"}],"version-history":[{"count":14,"href":"https:\/\/auroraimmigration.com\/en\/wp-json\/wp\/v2\/pages\/109\/revisions"}],"predecessor-version":[{"id":2102,"href":"https:\/\/auroraimmigration.com\/en\/wp-json\/wp\/v2\/pages\/109\/revisions\/2102"}],"wp:attachment":[{"href":"https:\/\/auroraimmigration.com\/en\/wp-json\/wp\/v2\/media?parent=109"}],"curies":[{"name":"wp","href":"https:\/\/api.w.org\/{rel}","templated":true}]}}